{"id":9,"date":"2018-11-03T21:43:20","date_gmt":"2018-11-03T21:43:20","guid":{"rendered":"http:\/\/rtsolutions.pl\/?page_id=9"},"modified":"2019-01-20T22:43:58","modified_gmt":"2019-01-20T22:43:58","slug":"o-nas","status":"publish","type":"page","link":"https:\/\/rtsolutions.pl\/index.php\/o-nas\/","title":{"rendered":"O nas"},"content":{"rendered":"<p>Powstali\u015bmy w 2017 roku, by realizowa\u0107 wyzwania p\u0142yn\u0105ce z rynku.<\/p>\n<p>Interesuje nas rozwi\u0105zywanie problem\u00f3w zwi\u0105zanych z akwizycj\u0105 danych, testami wytrzyma\u0142o\u015bciowymi, testerami ko\u0144ca linii (EOL) oraz systemami bezpiecze\u0144stwa maszyn i urz\u0105dze\u0144.<\/p>\n<p>Posiadamy szerokie zaplecze CNC, spawalnicze, projektowe.<\/p>\n<p>Dostarczamy zar\u00f3wno usprawnienia istniej\u0105cych maszyn i system\u00f3w\u00a0 jak i kompletne nowe maszyny na specjalne zam\u00f3wienia.<\/p>\n<p>Wspieramy si\u0119 m. in. rozwi\u0105zaniami firm National Instruments, Keyence, Turck, Banner, Festo.<\/p>\n<p>W ramach konsultingu oferujemy nagrywanie profesjonalnych szkole\u0144 na potrzeby wewn\u0119trzne klient\u00f3w (szkolenie nowych pracownik\u00f3w, wideoinstrukcje maszyn i stanowisk produkcyjnych).<\/p>\n","protected":false},"excerpt":{"rendered":"<p>Powstali\u015bmy w 2017 roku, by realizowa\u0107 wyzwania p\u0142yn\u0105ce z rynku. Interesuje nas rozwi\u0105zywanie problem\u00f3w zwi\u0105zanych z akwizycj\u0105 danych, testami wytrzyma\u0142o\u015bciowymi, testerami ko\u0144ca linii (EOL) oraz systemami bezpiecze\u0144stwa maszyn i urz\u0105dze\u0144. Posiadamy szerokie zaplecze CNC, spawalnicze, projektowe. Dostarczamy zar\u00f3wno usprawnienia istniej\u0105cych maszyn i system\u00f3w\u00a0 jak i kompletne nowe maszyny na specjalne zam\u00f3wienia. Wspieramy si\u0119 m. in. &hellip; <\/p>\n<p class=\"link-more\"><a href=\"https:\/\/rtsolutions.pl\/index.php\/o-nas\/\" class=\"more-link\">Continue reading<span class=\"screen-reader-text\"> &#8220;O nas&#8221;<\/span><\/a><\/p>\n","protected":false},"author":1,"featured_media":67,"parent":0,"menu_order":0,"comment_status":"closed","ping_status":"closed","template":"","meta":[],"_links":{"self":[{"href":"https:\/\/rtsolutions.pl\/index.php\/wp-json\/wp\/v2\/pages\/9"}],"collection":[{"href":"https:\/\/rtsolutions.pl\/index.php\/wp-json\/wp\/v2\/pages"}],"about":[{"href":"https:\/\/rtsolutions.pl\/index.php\/wp-json\/wp\/v2\/types\/page"}],"author":[{"embeddable":true,"href":"https:\/\/rtsolutions.pl\/index.php\/wp-json\/wp\/v2\/users\/1"}],"replies":[{"embeddable":true,"href":"https:\/\/rtsolutions.pl\/index.php\/wp-json\/wp\/v2\/comments?post=9"}],"version-history":[{"count":4,"href":"https:\/\/rtsolutions.pl\/index.php\/wp-json\/wp\/v2\/pages\/9\/revisions"}],"predecessor-version":[{"id":82,"href":"https:\/\/rtsolutions.pl\/index.php\/wp-json\/wp\/v2\/pages\/9\/revisions\/82"}],"wp:featuredmedia":[{"embeddable":true,"href":"https:\/\/rtsolutions.pl\/index.php\/wp-json\/wp\/v2\/media\/67"}],"wp:attachment":[{"href":"https:\/\/rtsolutions.pl\/index.php\/wp-json\/wp\/v2\/media?parent=9"}],"curies":[{"name":"wp","href":"https:\/\/api.w.org\/{rel}","templated":true}]}}