{"id":48,"date":"2018-11-04T17:26:32","date_gmt":"2018-11-04T17:26:32","guid":{"rendered":"http:\/\/rtsolutions.pl\/?page_id=48"},"modified":"2019-01-21T21:45:23","modified_gmt":"2019-01-21T21:45:23","slug":"realizacje","status":"publish","type":"page","link":"https:\/\/rtsolutions.pl\/index.php\/realizacje\/","title":{"rendered":"Realizacje"},"content":{"rendered":"<h1>2018<\/h1>\n<h2>Wyposa\u017cenie maszyny wytrzyma\u0142o\u015bciowej EDZ-1000 o system sterowania oraz system logowania danych.<\/h2>\n<p>Hydrauliczna maszyna wytrzyma\u0142o\u015bciowa (zrywarka) EDZ-1000 zosta\u0142a doposa\u017cona w komputerowy system akwizycji danych. System ten umo\u017cliwia uruchomienie oraz zatrzymanie maszyny za pomoc\u0105 komputera PC oraz logowanie danych (si\u0142y i przesuni\u0119cia t\u0142oczyska).<\/p>\n<p>Dzi\u0119ki modernizacji mo\u017cliwa jest dok\u0142adna obserwacja zale\u017cno\u015bci si\u0142y od przesuni\u0119cia.<\/p>\n<p>Wykorzystano oprogramowanie LabVIEW firmy National Instruments oraz sprz\u0119t TURCK.<\/p>\n<h2>Wyposa\u017cenie maszyn produkcyjnych o systemy bezpiecze\u0144stwa.<\/h2>\n<p>Doposa\u017cenie maszyn produkcyjnych o systemy bezpiecze\u0144stwa (sterownik programowalny Banner wraz z kurtynami).<\/p>\n<p>&nbsp;<\/p>\n<h2>Oprogramowanie tester\u00f3w EOL.<\/h2>\n<p>&#8230;<\/p>\n","protected":false},"excerpt":{"rendered":"<p>2018 Wyposa\u017cenie maszyny wytrzyma\u0142o\u015bciowej EDZ-1000 o system sterowania oraz system logowania danych. Hydrauliczna maszyna wytrzyma\u0142o\u015bciowa (zrywarka) EDZ-1000 zosta\u0142a doposa\u017cona w komputerowy system akwizycji danych. System ten umo\u017cliwia uruchomienie oraz zatrzymanie maszyny za pomoc\u0105 komputera PC oraz logowanie danych (si\u0142y i przesuni\u0119cia t\u0142oczyska). Dzi\u0119ki modernizacji mo\u017cliwa jest dok\u0142adna obserwacja zale\u017cno\u015bci si\u0142y od przesuni\u0119cia. Wykorzystano oprogramowanie LabVIEW &hellip; <\/p>\n<p class=\"link-more\"><a href=\"https:\/\/rtsolutions.pl\/index.php\/realizacje\/\" class=\"more-link\">Continue reading<span class=\"screen-reader-text\"> &#8220;Realizacje&#8221;<\/span><\/a><\/p>\n","protected":false},"author":1,"featured_media":73,"parent":0,"menu_order":0,"comment_status":"closed","ping_status":"closed","template":"","meta":[],"_links":{"self":[{"href":"https:\/\/rtsolutions.pl\/index.php\/wp-json\/wp\/v2\/pages\/48"}],"collection":[{"href":"https:\/\/rtsolutions.pl\/index.php\/wp-json\/wp\/v2\/pages"}],"about":[{"href":"https:\/\/rtsolutions.pl\/index.php\/wp-json\/wp\/v2\/types\/page"}],"author":[{"embeddable":true,"href":"https:\/\/rtsolutions.pl\/index.php\/wp-json\/wp\/v2\/users\/1"}],"replies":[{"embeddable":true,"href":"https:\/\/rtsolutions.pl\/index.php\/wp-json\/wp\/v2\/comments?post=48"}],"version-history":[{"count":3,"href":"https:\/\/rtsolutions.pl\/index.php\/wp-json\/wp\/v2\/pages\/48\/revisions"}],"predecessor-version":[{"id":91,"href":"https:\/\/rtsolutions.pl\/index.php\/wp-json\/wp\/v2\/pages\/48\/revisions\/91"}],"wp:featuredmedia":[{"embeddable":true,"href":"https:\/\/rtsolutions.pl\/index.php\/wp-json\/wp\/v2\/media\/73"}],"wp:attachment":[{"href":"https:\/\/rtsolutions.pl\/index.php\/wp-json\/wp\/v2\/media?parent=48"}],"curies":[{"name":"wp","href":"https:\/\/api.w.org\/{rel}","templated":true}]}}