{"id":37,"date":"2018-11-04T17:08:13","date_gmt":"2018-11-04T17:08:13","guid":{"rendered":"http:\/\/rtsolutions.pl\/?page_id=37"},"modified":"2019-01-20T22:40:11","modified_gmt":"2019-01-20T22:40:11","slug":"oferta","status":"publish","type":"page","link":"https:\/\/rtsolutions.pl\/index.php\/oferta\/","title":{"rendered":"Oferta"},"content":{"rendered":"<h1>Na nasz\u0105 ofert\u0119 sk\u0142ada si\u0119:<\/h1>\n<ul>\n<li>\n<h2>\u00a0rozbudowa maszyn testowych i produkcyjnych:<\/h2>\n<ul>\n<li>o systemy akwizycji danych i sterowania,<\/li>\n<li>o systemy BHP (kurtyny bezpiecze\u0144stwa, programowalne sterowniki safety, elementy synoptyczne),<\/li>\n<\/ul>\n<\/li>\n<\/ul>\n<p>&nbsp;<\/p>\n<ul>\n<li>\n<h2>oprogramowanie tester\u00f3w ko\u0144ca linii produkcyjnej (EOL tester\u00f3w) i stanowisk wytrzyma\u0142o\u015bciowych:<\/h2>\n<ul>\n<li>ma\u0142e i \u015brednie projekty w \u015brodowisku LabVIEW<\/li>\n<li>ma\u0142e i \u015brednie projekty w LabWindows\/CVI,<\/li>\n<\/ul>\n<\/li>\n<\/ul>\n<p>&nbsp;<\/p>\n<ul>\n<li>\n<h2>wykonania schemat\u00f3w elektrycznych maszyn,<\/h2>\n<\/li>\n<\/ul>\n<p>&nbsp;<\/p>\n<ul>\n<li>\n<h2>konsulting techniczny w zakresie:<\/h2>\n<ul>\n<li>wyboru \u00a0metod pomiarowych, sprz\u0119t\u00f3w pomiarowych oraz odpowiedniego systemu akwizycji danych i oprogramowania do ich analizy,<\/li>\n<li>doboru systemu bazodanowego lub\/i chmury publicznej<\/li>\n<li>lean manufacturing,<\/li>\n<li>uruchomienia, modernizacji i konserwacji maszyn,<\/li>\n<\/ul>\n<\/li>\n<\/ul>\n<p>&nbsp;<\/p>\n<ul>\n<li>\n<h2>dbanie o wizerunek klienta na profilach biznesowych i spo\u0142eczno\u015bciowych (\u0142\u0105cznie z produkcj\u0105 film\u00f3w promuj\u0105cych, obs\u0142ug\u0105 targ\u00f3w, dokumentacj\u0105 rozwoju firm),<\/h2>\n<\/li>\n<\/ul>\n<p>&nbsp;<\/p>\n<ul>\n<li>\n<h2>przygotowanie materia\u0142\u00f3w VIDEO do kurs\u00f3w (np. dla firm szkoleniowych, lub na potrzeby wewn\u0119trzne),<\/h2>\n<\/li>\n<\/ul>\n<p>&nbsp;<\/p>\n<ul>\n<li>\n<h2>dzi\u0119ki bliskiej wsp\u00f3\u0142pracy z innymi podmiotami:<\/h2>\n<ul>\n<li>CNC 5-osi,<\/li>\n<li>spawanie stali oraz aluminium,<\/li>\n<li>projekty maszyn (SolidEDGE),<\/li>\n<li>kompletne maszyny zgodnie ze specyfikacj\u0105 klienta.<\/li>\n<\/ul>\n<\/li>\n<\/ul>\n","protected":false},"excerpt":{"rendered":"<p>Na nasz\u0105 ofert\u0119 sk\u0142ada si\u0119: \u00a0rozbudowa maszyn testowych i produkcyjnych: o systemy akwizycji danych i sterowania, o systemy BHP (kurtyny bezpiecze\u0144stwa, programowalne sterowniki safety, elementy synoptyczne), &nbsp; oprogramowanie tester\u00f3w ko\u0144ca linii produkcyjnej (EOL tester\u00f3w) i stanowisk wytrzyma\u0142o\u015bciowych: ma\u0142e i \u015brednie projekty w \u015brodowisku LabVIEW ma\u0142e i \u015brednie projekty w LabWindows\/CVI, &nbsp; wykonania schemat\u00f3w elektrycznych maszyn, &hellip; <\/p>\n<p class=\"link-more\"><a href=\"https:\/\/rtsolutions.pl\/index.php\/oferta\/\" class=\"more-link\">Continue reading<span class=\"screen-reader-text\"> &#8220;Oferta&#8221;<\/span><\/a><\/p>\n","protected":false},"author":1,"featured_media":0,"parent":0,"menu_order":0,"comment_status":"closed","ping_status":"closed","template":"","meta":[],"_links":{"self":[{"href":"https:\/\/rtsolutions.pl\/index.php\/wp-json\/wp\/v2\/pages\/37"}],"collection":[{"href":"https:\/\/rtsolutions.pl\/index.php\/wp-json\/wp\/v2\/pages"}],"about":[{"href":"https:\/\/rtsolutions.pl\/index.php\/wp-json\/wp\/v2\/types\/page"}],"author":[{"embeddable":true,"href":"https:\/\/rtsolutions.pl\/index.php\/wp-json\/wp\/v2\/users\/1"}],"replies":[{"embeddable":true,"href":"https:\/\/rtsolutions.pl\/index.php\/wp-json\/wp\/v2\/comments?post=37"}],"version-history":[{"count":8,"href":"https:\/\/rtsolutions.pl\/index.php\/wp-json\/wp\/v2\/pages\/37\/revisions"}],"predecessor-version":[{"id":92,"href":"https:\/\/rtsolutions.pl\/index.php\/wp-json\/wp\/v2\/pages\/37\/revisions\/92"}],"wp:attachment":[{"href":"https:\/\/rtsolutions.pl\/index.php\/wp-json\/wp\/v2\/media?parent=37"}],"curies":[{"name":"wp","href":"https:\/\/api.w.org\/{rel}","templated":true}]}}