{"id":10,"date":"2018-11-03T21:43:20","date_gmt":"2018-11-03T21:43:20","guid":{"rendered":"http:\/\/rtsolutions.pl\/?page_id=10"},"modified":"2018-11-07T23:30:37","modified_gmt":"2018-11-07T23:30:37","slug":"kontakt","status":"publish","type":"page","link":"https:\/\/rtsolutions.pl\/index.php\/kontakt\/","title":{"rendered":"Kontakt"},"content":{"rendered":"<p>Zapraszamy do kontaktu wszystkich zainteresowanych podj\u0119ciem wsp\u00f3\u0142pracy.<\/p>\n<p>Pytania i zapytania ofertowe prosimy kierowa\u0107 na adres: <a href=\"mailto:biuro@rtsolutions.pl\">biuro@rtsolutions.pl<\/a><\/p>\n<p>&nbsp;<\/p>\n","protected":false},"excerpt":{"rendered":"<p>Zapraszamy do kontaktu wszystkich zainteresowanych podj\u0119ciem wsp\u00f3\u0142pracy. Pytania i zapytania ofertowe prosimy kierowa\u0107 na adres: biuro@rtsolutions.pl &nbsp;<\/p>\n","protected":false},"author":1,"featured_media":28,"parent":0,"menu_order":0,"comment_status":"closed","ping_status":"closed","template":"","meta":[],"_links":{"self":[{"href":"https:\/\/rtsolutions.pl\/index.php\/wp-json\/wp\/v2\/pages\/10"}],"collection":[{"href":"https:\/\/rtsolutions.pl\/index.php\/wp-json\/wp\/v2\/pages"}],"about":[{"href":"https:\/\/rtsolutions.pl\/index.php\/wp-json\/wp\/v2\/types\/page"}],"author":[{"embeddable":true,"href":"https:\/\/rtsolutions.pl\/index.php\/wp-json\/wp\/v2\/users\/1"}],"replies":[{"embeddable":true,"href":"https:\/\/rtsolutions.pl\/index.php\/wp-json\/wp\/v2\/comments?post=10"}],"version-history":[{"count":6,"href":"https:\/\/rtsolutions.pl\/index.php\/wp-json\/wp\/v2\/pages\/10\/revisions"}],"predecessor-version":[{"id":93,"href":"https:\/\/rtsolutions.pl\/index.php\/wp-json\/wp\/v2\/pages\/10\/revisions\/93"}],"wp:featuredmedia":[{"embeddable":true,"href":"https:\/\/rtsolutions.pl\/index.php\/wp-json\/wp\/v2\/media\/28"}],"wp:attachment":[{"href":"https:\/\/rtsolutions.pl\/index.php\/wp-json\/wp\/v2\/media?parent=10"}],"curies":[{"name":"wp","href":"https:\/\/api.w.org\/{rel}","templated":true}]}}